{"id":13331,"date":"2024-10-31T17:22:08","date_gmt":"2024-10-31T17:22:08","guid":{"rendered":"https:\/\/drinksunlover.com\/cart\/"},"modified":"2024-11-08T17:51:37","modified_gmt":"2024-11-08T17:51:37","slug":"cart","status":"publish","type":"page","link":"https:\/\/drinksunlover.com\/en\/cart\/","title":{"rendered":"Cart"},"content":{"rendered":"<div data-elementor-type=\"wp-page\" data-elementor-id=\"13331\" class=\"elementor elementor-13331\">\n\t\t\t\t\t\t<section class=\"elementor-section elementor-top-section elementor-element elementor-element-2c532ae2 elementor-section-height-min-height elementor-section-boxed elementor-section-height-default elementor-section-items-middle wpr-particle-no wpr-jarallax-no wpr-parallax-no wpr-sticky-section-no\" data-id=\"2c532ae2\" data-element_type=\"section\" data-settings=\"{&quot;background_background&quot;:&quot;classic&quot;}\">\n\t\t\t\t\t\t\t<div class=\"elementor-background-overlay\"><\/div>\n\t\t\t\t\t\t\t<div class=\"elementor-container elementor-column-gap-default\">\n\t\t\t\t\t<div class=\"elementor-column elementor-col-100 elementor-top-column elementor-element elementor-element-765b12e9\" data-id=\"765b12e9\" data-element_type=\"column\" data-settings=\"{&quot;background_background&quot;:&quot;classic&quot;}\">\n\t\t\t<div class=\"elementor-widget-wrap elementor-element-populated\">\n\t\t\t\t\t\t<div class=\"elementor-element elementor-element-1cf965d elementor-widget elementor-widget-heading\" data-id=\"1cf965d\" data-element_type=\"widget\" data-widget_type=\"heading.default\">\n\t\t\t\t<div class=\"elementor-widget-container\">\n\t\t\t\t\t<h2 class=\"elementor-heading-title elementor-size-default\">Cart<\/h2>\t\t\t\t<\/div>\n\t\t\t\t<\/div>\n\t\t\t\t\t<\/div>\n\t\t<\/div>\n\t\t\t\t\t<\/div>\n\t\t<\/section>\n\t\t\t\t<section class=\"elementor-section elementor-top-section elementor-element elementor-element-ea6d60a elementor-section-full_width elementor-section-height-default elementor-section-height-default wpr-particle-no wpr-jarallax-no wpr-parallax-no wpr-sticky-section-no\" data-id=\"ea6d60a\" data-element_type=\"section\" data-settings=\"{&quot;background_background&quot;:&quot;classic&quot;}\">\n\t\t\t\t\t\t<div class=\"elementor-container elementor-column-gap-default\">\n\t\t\t\t\t<div class=\"elementor-column elementor-col-33 elementor-top-column elementor-element elementor-element-ad2ed31\" data-id=\"ad2ed31\" data-element_type=\"column\">\n\t\t\t<div class=\"elementor-widget-wrap\">\n\t\t\t\t\t\t\t<\/div>\n\t\t<\/div>\n\t\t\t\t<div class=\"elementor-column elementor-col-33 elementor-top-column elementor-element elementor-element-f199816\" data-id=\"f199816\" data-element_type=\"column\">\n\t\t\t<div class=\"elementor-widget-wrap elementor-element-populated\">\n\t\t\t\t\t\t<div class=\"elementor-element elementor-element-4adf7e2 elementor-widget elementor-widget-heading\" data-id=\"4adf7e2\" data-element_type=\"widget\" data-widget_type=\"heading.default\">\n\t\t\t\t<div class=\"elementor-widget-container\">\n\t\t\t\t\t<h2 class=\"elementor-heading-title elementor-size-default\">Keep it Sunlover<\/h2>\t\t\t\t<\/div>\n\t\t\t\t<\/div>\n\t\t\t\t<div class=\"elementor-element elementor-element-83aea27 elementor-nav-menu__align-center elementor-nav-menu--dropdown-none elementor-hidden-tablet elementor-hidden-phone elementor-widget elementor-widget-nav-menu\" data-id=\"83aea27\" data-element_type=\"widget\" data-settings=\"{&quot;layout&quot;:&quot;horizontal&quot;,&quot;submenu_icon&quot;:{&quot;value&quot;:&quot;&lt;i class=\\&quot;fas fa-caret-down\\&quot;&gt;&lt;\\\/i&gt;&quot;,&quot;library&quot;:&quot;fa-solid&quot;}}\" data-widget_type=\"nav-menu.default\">\n\t\t\t\t<div class=\"elementor-widget-container\">\n\t\t\t\t\t\t\t\t<nav class=\"elementor-nav-menu--main elementor-nav-menu__container elementor-nav-menu--layout-horizontal e--pointer-text e--animation-grow\">\n\t\t\t\t<ul id=\"menu-1-83aea27\" class=\"elementor-nav-menu\"><li class=\"menu-item menu-item-type-post_type menu-item-object-page menu-item-home menu-item-14735\"><a href=\"https:\/\/drinksunlover.com\/en\/\" class=\"elementor-item\">Home<\/a><\/li>\n<li class=\"menu-item menu-item-type-post_type menu-item-object-page menu-item-13424\"><a href=\"https:\/\/drinksunlover.com\/en\/sunlover-protector\/\" class=\"elementor-item\">Protector<\/a><\/li>\n<li class=\"menu-item menu-item-type-post_type menu-item-object-page menu-item-13576\"><a href=\"https:\/\/drinksunlover.com\/en\/sunlover-regenerator\/\" class=\"elementor-item\">Regenerator<\/a><\/li>\n<li class=\"menu-item menu-item-type-post_type menu-item-object-page menu-item-13563\"><a href=\"https:\/\/drinksunlover.com\/en\/collagen\/\" class=\"elementor-item\">Collagen<\/a><\/li>\n<li class=\"menu-item menu-item-type-post_type menu-item-object-page current_page_parent menu-item-12748\"><a href=\"https:\/\/drinksunlover.com\/en\/artigos\/\" class=\"elementor-item\">Blog<\/a><\/li>\n<li class=\"menu-item menu-item-type-post_type menu-item-object-page menu-item-14818\"><a href=\"https:\/\/drinksunlover.com\/en\/hyaluronic\/\" class=\"elementor-item\">Sunlover Hyaluronic<\/a><\/li>\n<\/ul>\t\t\t<\/nav>\n\t\t\t\t\t\t<nav class=\"elementor-nav-menu--dropdown elementor-nav-menu__container\" aria-hidden=\"true\">\n\t\t\t\t<ul id=\"menu-2-83aea27\" class=\"elementor-nav-menu\"><li class=\"menu-item menu-item-type-post_type menu-item-object-page menu-item-home menu-item-14735\"><a href=\"https:\/\/drinksunlover.com\/en\/\" class=\"elementor-item\" tabindex=\"-1\">Home<\/a><\/li>\n<li class=\"menu-item menu-item-type-post_type menu-item-object-page menu-item-13424\"><a href=\"https:\/\/drinksunlover.com\/en\/sunlover-protector\/\" class=\"elementor-item\" tabindex=\"-1\">Protector<\/a><\/li>\n<li class=\"menu-item menu-item-type-post_type menu-item-object-page menu-item-13576\"><a href=\"https:\/\/drinksunlover.com\/en\/sunlover-regenerator\/\" class=\"elementor-item\" tabindex=\"-1\">Regenerator<\/a><\/li>\n<li class=\"menu-item menu-item-type-post_type menu-item-object-page menu-item-13563\"><a href=\"https:\/\/drinksunlover.com\/en\/collagen\/\" class=\"elementor-item\" tabindex=\"-1\">Collagen<\/a><\/li>\n<li class=\"menu-item menu-item-type-post_type menu-item-object-page current_page_parent menu-item-12748\"><a href=\"https:\/\/drinksunlover.com\/en\/artigos\/\" class=\"elementor-item\" tabindex=\"-1\">Blog<\/a><\/li>\n<li class=\"menu-item menu-item-type-post_type menu-item-object-page menu-item-14818\"><a href=\"https:\/\/drinksunlover.com\/en\/hyaluronic\/\" class=\"elementor-item\" tabindex=\"-1\">Sunlover Hyaluronic<\/a><\/li>\n<\/ul>\t\t\t<\/nav>\n\t\t\t\t\t\t<\/div>\n\t\t\t\t<\/div>\n\t\t\t\t<div class=\"elementor-element elementor-element-70315f7 elementor-widget elementor-widget-image\" data-id=\"70315f7\" data-element_type=\"widget\" data-widget_type=\"image.default\">\n\t\t\t\t<div class=\"elementor-widget-container\">\n\t\t\t\t\t\t\t\t\t\t\t\t\t\t\t<img decoding=\"async\" width=\"288\" height=\"87\" data-src=\"https:\/\/drinksunlover.com\/wp-content\/uploads\/2021\/07\/logo-symbol-first.png\" class=\"attachment-large size-large wp-image-1081 lazyload\" alt=\"\" src=\"data:image\/svg+xml;base64,PHN2ZyB3aWR0aD0iMSIgaGVpZ2h0PSIxIiB4bWxucz0iaHR0cDovL3d3dy53My5vcmcvMjAwMC9zdmciPjwvc3ZnPg==\" style=\"--smush-placeholder-width: 288px; --smush-placeholder-aspect-ratio: 288\/87;\" \/>\t\t\t\t\t\t\t\t\t\t\t\t\t\t\t<\/div>\n\t\t\t\t<\/div>\n\t\t\t\t<div class=\"elementor-element elementor-element-e4743c2 elementor-widget elementor-widget-heading\" data-id=\"e4743c2\" data-element_type=\"widget\" data-widget_type=\"heading.default\">\n\t\t\t\t<div class=\"elementor-widget-container\">\n\t\t\t\t\t<h2 class=\"elementor-heading-title elementor-size-default\">Av. Marqu\u00eas de Tomar n\u00ba2 - 9\u00ba\n1050-155 Lisboa - Portugal<\/h2>\t\t\t\t<\/div>\n\t\t\t\t<\/div>\n\t\t\t\t<div class=\"elementor-element elementor-element-8a4ae03 elementor-widget elementor-widget-heading\" data-id=\"8a4ae03\" data-element_type=\"widget\" data-widget_type=\"heading.default\">\n\t\t\t\t<div class=\"elementor-widget-container\">\n\t\t\t\t\t<h2 class=\"elementor-heading-title elementor-size-default\">+351 210 123 740<\/h2>\t\t\t\t<\/div>\n\t\t\t\t<\/div>\n\t\t\t\t<div class=\"elementor-element elementor-element-fdd54d2 elementor-align-center elementor-mobile-align-justify elementor-widget elementor-widget-button\" data-id=\"fdd54d2\" data-element_type=\"widget\" data-widget_type=\"button.default\">\n\t\t\t\t<div class=\"elementor-widget-container\">\n\t\t\t\t\t\t\t\t\t<div class=\"elementor-button-wrapper\">\n\t\t\t\t\t<a class=\"elementor-button elementor-button-link elementor-size-sm elementor-animation-pulse\" href=\"https:\/\/drinksunlover.com\/en\/privacy-policy\/\">\n\t\t\t\t\t\t<span class=\"elementor-button-content-wrapper\">\n\t\t\t\t\t\t\t\t\t<span class=\"elementor-button-text\">Privacy and Cookies Policies<\/span>\n\t\t\t\t\t<\/span>\n\t\t\t\t\t<\/a>\n\t\t\t\t<\/div>\n\t\t\t\t\t\t\t\t<\/div>\n\t\t\t\t<\/div>\n\t\t\t\t\t<\/div>\n\t\t<\/div>\n\t\t\t\t<div class=\"elementor-column elementor-col-33 elementor-top-column elementor-element elementor-element-071aaae\" data-id=\"071aaae\" data-element_type=\"column\">\n\t\t\t<div class=\"elementor-widget-wrap\">\n\t\t\t\t\t\t\t<\/div>\n\t\t<\/div>\n\t\t\t\t\t<\/div>\n\t\t<\/section>\n\t\t\t\t<\/div>","protected":false},"excerpt":{"rendered":"<p>Carrinho Remover este item Imagem em miniatura Produto Pre\u00e7o Quantidade Subtotal &times; Pack de 6 latas de Sunlover Hyaluronic 10,80&nbsp;&euro; Quantidade de Pack de 6 latas de Sunlover Hyaluronic 108,00&nbsp;&euro; Total Subtotal 108,00&nbsp;&euro; Envio Free shipping As op\u00e7\u00f5es de envio ser\u00e3o actualizadas durante a finaliza\u00e7\u00e3o da compra. Calcular custos de envio Pa\u00eds\/regi\u00e3o: Seleccione um pa\u00eds \/ regi\u00e3o&hellip;Portugal Cidade: C\u00f3digo postal: Update Total 108,00&nbsp;&euro; Proceed to Checkout Mantenha-se Sunlover Av. Marqu\u00eas de Tomar n\u00ba2 &#8211; 9\u00ba 1050-155 Lisboa &#8211; Portugal +351 210 123 740 Pol\u00edtica de Privacidade e Cookies<\/p>","protected":false},"author":1,"featured_media":0,"parent":0,"menu_order":0,"comment_status":"closed","ping_status":"closed","template":"elementor_header_footer","meta":{"_monsterinsights_skip_tracking":false,"_monsterinsights_sitenote_active":false,"_monsterinsights_sitenote_note":"","_monsterinsights_sitenote_category":0,"footnotes":""},"class_list":["post-13331","page","type-page","status-publish","hentry"],"_links":{"self":[{"href":"https:\/\/drinksunlover.com\/en\/wp-json\/wp\/v2\/pages\/13331","targetHints":{"allow":["GET"]}}],"collection":[{"href":"https:\/\/drinksunlover.com\/en\/wp-json\/wp\/v2\/pages"}],"about":[{"href":"https:\/\/drinksunlover.com\/en\/wp-json\/wp\/v2\/types\/page"}],"author":[{"embeddable":true,"href":"https:\/\/drinksunlover.com\/en\/wp-json\/wp\/v2\/users\/1"}],"replies":[{"embeddable":true,"href":"https:\/\/drinksunlover.com\/en\/wp-json\/wp\/v2\/comments?post=13331"}],"version-history":[{"count":67,"href":"https:\/\/drinksunlover.com\/en\/wp-json\/wp\/v2\/pages\/13331\/revisions"}],"predecessor-version":[{"id":13663,"href":"https:\/\/drinksunlover.com\/en\/wp-json\/wp\/v2\/pages\/13331\/revisions\/13663"}],"wp:attachment":[{"href":"https:\/\/drinksunlover.com\/en\/wp-json\/wp\/v2\/media?parent=13331"}],"curies":[{"name":"wp","href":"https:\/\/api.w.org\/{rel}","templated":true}]}}